{"id":2437,"date":"2018-09-24T11:40:31","date_gmt":"2018-09-24T09:40:31","guid":{"rendered":"http:\/\/dev.pab.ovi.wod.by\/reviews"},"modified":"2024-10-03T14:37:56","modified_gmt":"2024-10-03T12:37:56","slug":"reviews","status":"publish","type":"page","link":"https:\/\/pension-absolutberlin.de\/en\/reviews","title":{"rendered":"Reviews"},"content":{"rendered":"<h1>Your Feedback is important<\/h1>\n<h2>We want to learn and improve ourself every day. Your praise and suggestions motivate us a lot. So why not leave something here?<\/h2>\n<p>Many guests use the opportunity to publicly inform other guests about their experiences with the Pension Absolut Berlin. We are very proud of a lot of positive feedback. This is an incentive and an obligation to be better and better at the same time in order to provide guests and friends a happy time at Pension Absolut Berlin. Read for yourself what some of our guests write:<\/p>\n<p><script src=\"https:\/\/static.elfsight.com\/platform\/platform.js\" async><\/script><\/p>\n<div class=\"elfsight-app-2029478e-42ef-4024-b587-31435d73fbf1\" data-elfsight-app-lazy><\/div>\n<p>&nbsp; <\/p>\n<p>If you prefer to rate us without Google, you can do so right here and now:<\/p>\n<p><\/p>\n<div data-wpcr3-content=\"198\"><div class='wpcr3_respond_1 ' data-ajaxurl='[\"https:||pension-absolutberlin\",\"de|wp-admin|admin-ajax\",\"php?action=wpcr3-ajax\"]' data-on-postid='2437'data-postid='198'><div class=\"wpcr3_respond_2\"><div class=\"wpcr3_div_2\"><table class=\"wpcr3_table_2\"><tbody><tr><td colspan=\"2\"><div class=\"wpcr3_leave_text\">Submit your review<\/div><\/td><\/tr><tr class=\"wpcr3_review_form_text_field\"><td><label for=\"wpcr3_fname\" class=\"comment-field\">Name: <\/label><\/td><td><input maxlength=\"150\" class=\"text-input wpcr3_required\" type=\"text\" id=\"wpcr3_fname\" name=\"wpcr3_fname\" value=\"\" \/><\/td><\/tr><tr class=\"wpcr3_review_form_text_field\"><td><label for=\"wpcr3_ftitle\" class=\"comment-field\">Review Title: <\/label><\/td><td><input maxlength=\"150\" class=\"text-input \" type=\"text\" id=\"wpcr3_ftitle\" name=\"wpcr3_ftitle\" value=\"\" \/><\/td><\/tr><tr class=\"wpcr3_review_form_rating_field\"><td><label for=\"id_wpcr3_frating\" class=\"comment-field\">Rating: <\/label><\/td><td><div class=\"wpcr3_rating_stars\"><div class=\"wpcr3_rating_style1\"><div class=\"wpcr3_rating_style1_status\"><div class=\"wpcr3_rating_style1_score\"><div class=\"wpcr3_rating_style1_score1\">1<\/div><div class=\"wpcr3_rating_style1_score2\">2<\/div><div class=\"wpcr3_rating_style1_score3\">3<\/div><div class=\"wpcr3_rating_style1_score4\">4<\/div><div class=\"wpcr3_rating_style1_score5\">5<\/div><\/div><\/div><div class=\"wpcr3_rating_style1_base wpcr3_hide\"><div class=\"wpcr3_rating_style1_average\" style=\"width:0%;\"><\/div><\/div><\/div><\/div><input style=\"display:none;\" type=\"hidden\" class=\"wpcr3_required wpcr3_frating\" id=\"id_wpcr3_frating\"name=\"wpcr3_frating\" \/><\/td><\/tr><tr class=\"wpcr3_review_form_review_field_label\"><td colspan=\"2\"><label for=\"id_wpcr3_ftext\" class=\"comment-field\">Review: <\/label><\/td><\/tr><tr class=\"wpcr3_review_form_review_field_textarea\"><td colspan=\"2\"><textarea class=\"wpcr3_required wpcr3_ftext\" id=\"id_wpcr3_ftext\" name=\"wpcr3_ftext\" rows=\"8\"cols=\"50\"><\/textarea><\/td><\/tr><tr><td colspan=\"2\" class=\"wpcr3_check_confirm\"><div class=\"wpcr3_clear\"><\/div><input type=\"hidden\" name=\"wpcr3_postid\" value=\"198\" \/><input type=\"text\" class=\"wpcr3_fakehide wpcr3_fake_website\" name=\"website\" \/><input type=\"text\" class=\"wpcr3_fakehide wpcr3_fake_url\" name=\"url\" \/><input type=\"checkbox\" class=\"wpcr3_fakehide wpcr3_fconfirm1\" name=\"wpcr3_fconfirm1\" value=\"1\" \/><label><input type=\"checkbox\" name=\"wpcr3_fconfirm2\" class=\"wpcr3_fconfirm2\" value=\"1\" \/>&nbsp; Check this box to confirm you are human.<\/label><input type=\"checkbox\" class=\"wpcr3_fakehide wpcr3_fconfirm3\" name=\"wpcr3_fconfirm3\" checked=\"checked\" value=\"1\" \/><\/td><\/tr><tr><td colspan=\"2\"><div class=\"wpcr3_button_1 wpcr3_submit_btn\">Submit<\/div>&nbsp;&nbsp;&nbsp;&nbsp;&nbsp;<div class=\"wpcr3_button_1 wpcr3_cancel_btn\">Cancel<\/div><\/td><\/tr><\/tbody><\/table><\/div><\/div><div class=\"wpcr3_clear wpcr3_pb5\"><\/div><div class=\"wpcr3_respond_3\"><p><div class=\"wpcr3_button_1 wpcr3_show_btn\">Create your own review<\/div><\/p><\/div><div class=\"wpcr3_dotline\"><\/div><div class=\"wpcr3_reviews_holder\"><div class=\"wpcr3_review_item\"><div class=\"wpcr3_item wpcr3_business\" itemscope itemtype=\"https:\/\/schema.org\/LocalBusiness\"><div class=\"wpcr3_item_name\"><a href=\"https:\/\/pension-absolutberlin.de\/gaestebewertungen\">Pension Absolut Berlin<\/a><\/div><meta itemprop=\"name\" content=\"Pension Absolut Berlin\" \/><meta itemprop=\"url\" content=\"https:\/\/pension-absolutberlin.de\/en\" \/><meta itemprop=\"image\" content=\"https:\/\/pension-absolutberlin.de\/wp-content\/plugins\/wp-customer-reviews\/css\/1x1.png\" \/><meta itemprop=\"telephone\" content=\"+49-30-960-650-20\" \/><div class=\"wpcr3_hide\" itemprop=\"address\" itemscope itemtype=\"https:\/\/schema.org\/PostalAddress\"><meta itemprop=\"streetAddress\"content=\"Erich-Weinert-Str. 26\" \/><meta itemprop=\"addressLocality\" content=\"Berlin\" \/><meta itemprop=\"addressRegion\" content=\"\" \/><meta itemprop=\"postalCode\" content=\"10439\" \/><\/div><div class=\"wpcr3_aggregateRating\" itemprop=\"aggregateRating\" itemscope itemtype=\"https:\/\/schema.org\/AggregateRating\"><meta itemprop=\"bestRating\" content=\"5\" \/><meta itemprop=\"worstRating\" content=\"1\" \/><meta itemprop=\"ratingValue\" content=\"4.82\" \/><meta itemprop=\"reviewCount\" content=\"17\" \/><span class=\"wpcr3_aggregateRating_overallText\">Average rating: <\/span>&nbsp;<div class=\"wpcr3_aggregateRating_ratingValue\"><div class=\"wpcr3_rating_style1\"><div class=\"wpcr3_rating_style1_base \"><div class=\"wpcr3_rating_style1_average\" style=\"width:96.4%;\"><\/div><\/div><\/div><\/div>&nbsp;<span class=\"wpcr3_aggregateRating_reviewCount\">17 reviews<\/span><\/div><div class=\"wpcr3_dotline\"><\/div><div id=\"wpcr3_id_1907\" class=\"wpcr3_review\" itemprop=\"review\" itemscope itemtype=\"https:\/\/schema.org\/Review\"><div class=\"wpcr3_hide\" itemprop=\"author\" itemscope itemtype=\"https:\/\/schema.org\/Person\"><div itemprop=\"name\">Stolz<\/div><\/div><div class=\"wpcr3_hide\" itemprop=\"reviewRating\" itemscope itemtype=\"https:\/\/schema.org\/Rating\"><meta itemprop=\"bestRating\" content=\"5\" \/><meta itemprop=\"worstRating\" content=\"1\" \/><meta itemprop=\"ratingValue\" content=\"5\" \/><\/div><div class=\"wpcr3_review_ratingValue\"><div class=\"wpcr3_rating_style1\"><div class=\"wpcr3_rating_style1_base \"><div class=\"wpcr3_rating_style1_average\" style=\"width:100%;\"><\/div><\/div><\/div><\/div><div class=\"wpcr3_review_datePublished\" itemprop=\"datePublished\">Apr 17, 2018<\/div><div class=\"wpcr3_review_author\">&nbsp;by&nbsp;<span class=\"wpcr3_caps\">Stolz<\/span>&nbsp;on&nbsp;<span class=\"wpcr3_item_name\"><a href=\"https:\/\/pension-absolutberlin.de\/gaestebewertungen\">Pension Absolut Berlin<\/a><\/span><\/div><div class=\"wpcr3_clear\"><\/div><div class=\"wpcr3_review_title wpcr3_caps\">Absolut zu empfehlen<\/div><div class=\"wpcr3_clear\"><\/div><blockquote class=\"wpcr3_content\" itemprop=\"reviewBody\"><p>Die Pension ist modern, sauber und hat alles was man braucht. Sehr freundlicher Service und ein absolut faires Preis-Leistungsverh\u00e4ltnis. Gute Lage mit allen Angeboten, die der Prenzlauer Berg bietet sowie eine gute Anbindung an den \u00d6PNV.<br \/>Wir empfehlen die Pension Absolut.<\/p><\/blockquote><\/div><div class=\"wpcr3_dotline\"><\/div><div id=\"wpcr3_id_1908\" class=\"wpcr3_review\" itemprop=\"review\" itemscope itemtype=\"https:\/\/schema.org\/Review\"><div class=\"wpcr3_hide\" itemprop=\"author\" itemscope itemtype=\"https:\/\/schema.org\/Person\"><div itemprop=\"name\">Stolz<\/div><\/div><div class=\"wpcr3_hide\" itemprop=\"reviewRating\" itemscope itemtype=\"https:\/\/schema.org\/Rating\"><meta itemprop=\"bestRating\" content=\"5\" \/><meta itemprop=\"worstRating\" content=\"1\" \/><meta itemprop=\"ratingValue\" content=\"5\" \/><\/div><div class=\"wpcr3_review_ratingValue\"><div class=\"wpcr3_rating_style1\"><div class=\"wpcr3_rating_style1_base \"><div class=\"wpcr3_rating_style1_average\" style=\"width:100%;\"><\/div><\/div><\/div><\/div><div class=\"wpcr3_review_datePublished\" itemprop=\"datePublished\">Apr 17, 2018<\/div><div class=\"wpcr3_review_author\">&nbsp;by&nbsp;<span class=\"wpcr3_caps\">Stolz<\/span>&nbsp;on&nbsp;<span class=\"wpcr3_item_name\"><a href=\"https:\/\/pension-absolutberlin.de\/gaestebewertungen\">Pension Absolut Berlin<\/a><\/span><\/div><div class=\"wpcr3_clear\"><\/div><div class=\"wpcr3_review_title wpcr3_caps\">Absolut zu empfehlen<\/div><div class=\"wpcr3_clear\"><\/div><blockquote class=\"wpcr3_content\" itemprop=\"reviewBody\"><p>Das Zimmer war super. Alles da, was man braucht. Sehr sauber und sehr freundlicher Service. Wir empfehlen die Pension Absolut und w\u00fcrden wieder kommen. Die Lage am Prenzlauer Berg sowie zu vielen anderen Sehensw\u00fcrdigkeiten ist perfekt.<\/p><\/blockquote><\/div><div class=\"wpcr3_dotline\"><\/div><div id=\"wpcr3_id_1906\" class=\"wpcr3_review\" itemprop=\"review\" itemscope itemtype=\"https:\/\/schema.org\/Review\"><div class=\"wpcr3_hide\" itemprop=\"author\" itemscope itemtype=\"https:\/\/schema.org\/Person\"><div itemprop=\"name\">J. Klute<\/div><\/div><div class=\"wpcr3_hide\" itemprop=\"reviewRating\" itemscope itemtype=\"https:\/\/schema.org\/Rating\"><meta itemprop=\"bestRating\" content=\"5\" \/><meta itemprop=\"worstRating\" content=\"1\" \/><meta itemprop=\"ratingValue\" content=\"4\" \/><\/div><div class=\"wpcr3_review_ratingValue\"><div class=\"wpcr3_rating_style1\"><div class=\"wpcr3_rating_style1_base \"><div class=\"wpcr3_rating_style1_average\" style=\"width:80%;\"><\/div><\/div><\/div><\/div><div class=\"wpcr3_review_datePublished\" itemprop=\"datePublished\">Feb 4, 2018<\/div><div class=\"wpcr3_review_author\">&nbsp;by&nbsp;<span class=\"wpcr3_caps\">J. Klute<\/span>&nbsp;on&nbsp;<span class=\"wpcr3_item_name\"><a href=\"https:\/\/pension-absolutberlin.de\/gaestebewertungen\">Pension Absolut Berlin<\/a><\/span><\/div><div class=\"wpcr3_clear\"><\/div><div class=\"wpcr3_review_title wpcr3_caps\">prima, nur...<\/div><div class=\"wpcr3_clear\"><\/div><blockquote class=\"wpcr3_content\" itemprop=\"reviewBody\"><p>Die WLAN-Verbindung l\u00e4sst kein ssh und auch kein vpn zu. Diese Verbindungsm\u00f6glichkeiten zu blockieren ist vollkommen unn\u00f6tig und erh\u00f6ht auch nicht die Sicherheit. Ich w\u00fcrde mich gern wieder f\u00fcr diese Pension entscheiden, wenn k\u00fcnftig ssh zugelassen wird.<\/p><\/blockquote><\/div><div class=\"wpcr3_dotline\"><\/div><div id=\"wpcr3_id_1903\" class=\"wpcr3_review\" itemprop=\"review\" itemscope itemtype=\"https:\/\/schema.org\/Review\"><div class=\"wpcr3_hide\" itemprop=\"author\" itemscope itemtype=\"https:\/\/schema.org\/Person\"><div itemprop=\"name\">Mo G.<\/div><\/div><div class=\"wpcr3_hide\" itemprop=\"reviewRating\" itemscope itemtype=\"https:\/\/schema.org\/Rating\"><meta itemprop=\"bestRating\" content=\"5\" \/><meta itemprop=\"worstRating\" content=\"1\" \/><meta itemprop=\"ratingValue\" content=\"5\" \/><\/div><div class=\"wpcr3_review_ratingValue\"><div class=\"wpcr3_rating_style1\"><div class=\"wpcr3_rating_style1_base \"><div class=\"wpcr3_rating_style1_average\" style=\"width:100%;\"><\/div><\/div><\/div><\/div><div class=\"wpcr3_review_datePublished\" itemprop=\"datePublished\">Dec 13, 2017<\/div><div class=\"wpcr3_review_author\">&nbsp;by&nbsp;<span class=\"wpcr3_caps\">Mo G.<\/span>&nbsp;on&nbsp;<span class=\"wpcr3_item_name\"><a href=\"https:\/\/pension-absolutberlin.de\/gaestebewertungen\">Pension Absolut Berlin<\/a><\/span><\/div><div class=\"wpcr3_clear\"><\/div><div class=\"wpcr3_clear\"><\/div><blockquote class=\"wpcr3_content\" itemprop=\"reviewBody\"><p>Alles was das Herz begehrt:<br \/>In der Absolut Berlin Pension gibt es verschiedene Zimmerkategorien. Jedes der Zimmer ist individuell gestaltet und liebevoll eingerichtet - stets mit Einbindung von Naturmaterialien wie Holz, Naturstein, Leinen, etc.<br \/>Man f\u00fchlt sich auf Anhieb wohl!<br \/>Die Schlafzimmer sind minimalistisch aber sehr heimelig und mit viel Liebe f\u00fcr Antiquit\u00e4ten und zum Detail eingerichtet. Dem Auge wird es in keiner Minute langweilig, was man von vielen gr\u00f6\u00dferen Hotels nicht behaupten kann.<br \/>Das Personal ist sehr nett und zuvorkommend, das Preis-Leistungsverh\u00e4ltnis einfach wunderbar!<\/p><\/blockquote><\/div><div class=\"wpcr3_dotline\"><\/div><div id=\"wpcr3_id_1893\" class=\"wpcr3_review\" itemprop=\"review\" itemscope itemtype=\"https:\/\/schema.org\/Review\"><div class=\"wpcr3_hide\" itemprop=\"author\" itemscope itemtype=\"https:\/\/schema.org\/Person\"><div itemprop=\"name\">Mechthild Goeke<\/div><\/div><div class=\"wpcr3_hide\" itemprop=\"reviewRating\" itemscope itemtype=\"https:\/\/schema.org\/Rating\"><meta itemprop=\"bestRating\" content=\"5\" \/><meta itemprop=\"worstRating\" content=\"1\" \/><meta itemprop=\"ratingValue\" content=\"5\" \/><\/div><div class=\"wpcr3_review_ratingValue\"><div class=\"wpcr3_rating_style1\"><div class=\"wpcr3_rating_style1_base \"><div class=\"wpcr3_rating_style1_average\" style=\"width:100%;\"><\/div><\/div><\/div><\/div><div class=\"wpcr3_review_datePublished\" itemprop=\"datePublished\">Dec 7, 2017<\/div><div class=\"wpcr3_review_author\">&nbsp;by&nbsp;<span class=\"wpcr3_caps\">Mechthild Goeke<\/span>&nbsp;on&nbsp;<span class=\"wpcr3_item_name\"><a href=\"https:\/\/pension-absolutberlin.de\/gaestebewertungen\">Pension Absolut Berlin<\/a><\/span><\/div><div class=\"wpcr3_clear\"><\/div><div class=\"wpcr3_review_title wpcr3_caps\">Bewertung<\/div><div class=\"wpcr3_clear\"><\/div><blockquote class=\"wpcr3_content\" itemprop=\"reviewBody\"><p>13.Juli 2017 von Mechthild G. f\u00fcr Pension Absolut Berlin<br \/>Wir haben uns rundum wohlgef\u00fchlt. Sehr sauberes, modern und h\u00fcbsch eingerichtetes nettes Zimmer; wie auch die Pension selbst. Alles unkompliziert gelaufen; gutes Preis-Leistungsverh\u00e4ltnis. Alle super sympathisch und hilfsbereit. Wir empfehlen Euch gerne weiter. \ud83d\ude42 Nochmals danke.<\/p><\/blockquote><\/div><\/div><\/div><\/div><div data-page-opts=\"{&quot;postid&quot;:198,&quot;num&quot;:20,&quot;paginate&quot;:1,&quot;perpage&quot;:5,&quot;hidecustom&quot;:1,&quot;snippet&quot;:0,&quot;more&quot;:&quot;&quot;,&quot;showform&quot;:1,&quot;hidereviews&quot;:0,&quot;hideresponse&quot;:1,&quot;morelink&quot;:&quot;&quot;,&quot;showsupport&quot;:1,&quot;wrapper&quot;:1,&quot;classes&quot;:&quot;&quot;,&quot;on_postid&quot;:2437,&quot;ajax&quot;:0,&quot;thispage&quot;:1}\" class=\"wpcr3_pagination\"><div class=\"wpcr3_pagination_page\">Page 1 of 4: <\/div><div data-page=\"1\" class=\"wpcr3_a wpcr3_disabled\">&laquo;<\/div>&nbsp;<div data-page=\"1\" class=\"wpcr3_a wpcr3_ls wpcr3_disabled\">&lsaquo;<\/div>&nbsp;<div data-page=\"1\" class=\"wpcr3_a wpcr3_current\">1<\/div><div data-page=\"2\" class=\"wpcr3_a \">2<\/div><div data-page=\"3\" class=\"wpcr3_a \">3<\/div><div data-page=\"4\" class=\"wpcr3_a \">4<\/div><div data-page=\"2\" class=\"wpcr3_a wpcr3_rs \">&rsaquo;<\/div>&nbsp;<div data-page=\"4\" class=\"wpcr3_a \">&raquo;<\/div>&nbsp;<\/div><div class=\"wpcr3_clear\"><\/div><\/div><\/div>\n<p>&nbsp;<\/p>\n","protected":false},"excerpt":{"rendered":"<p>Your Feedback is important We want to learn and improve ourself every day. Your praise and suggestions motivate us a lot. So why not leave something here? Many guests use the opportunity to publicly inform other guests about their experiences with the Pension Absolut Berlin. We are very proud of a lot of positive feedback. [&hellip;]<\/p>\n","protected":false},"author":1,"featured_media":0,"parent":0,"menu_order":0,"comment_status":"closed","ping_status":"closed","template":"full-page.php","meta":{"footnotes":""},"class_list":["post-2437","page","type-page","status-publish","hentry"],"aioseo_notices":[],"_links":{"self":[{"href":"https:\/\/pension-absolutberlin.de\/en\/wp-json\/wp\/v2\/pages\/2437","targetHints":{"allow":["GET"]}}],"collection":[{"href":"https:\/\/pension-absolutberlin.de\/en\/wp-json\/wp\/v2\/pages"}],"about":[{"href":"https:\/\/pension-absolutberlin.de\/en\/wp-json\/wp\/v2\/types\/page"}],"author":[{"embeddable":true,"href":"https:\/\/pension-absolutberlin.de\/en\/wp-json\/wp\/v2\/users\/1"}],"replies":[{"embeddable":true,"href":"https:\/\/pension-absolutberlin.de\/en\/wp-json\/wp\/v2\/comments?post=2437"}],"version-history":[{"count":4,"href":"https:\/\/pension-absolutberlin.de\/en\/wp-json\/wp\/v2\/pages\/2437\/revisions"}],"predecessor-version":[{"id":3190,"href":"https:\/\/pension-absolutberlin.de\/en\/wp-json\/wp\/v2\/pages\/2437\/revisions\/3190"}],"wp:attachment":[{"href":"https:\/\/pension-absolutberlin.de\/en\/wp-json\/wp\/v2\/media?parent=2437"}],"curies":[{"name":"wp","href":"https:\/\/api.w.org\/{rel}","templated":true}]}}