{"id":2432,"date":"2018-09-24T11:09:53","date_gmt":"2018-09-24T09:09:53","guid":{"rendered":"http:\/\/dev.pab.ovi.wod.by\/directions"},"modified":"2024-07-17T18:41:16","modified_gmt":"2024-07-17T16:41:16","slug":"directions","status":"publish","type":"page","link":"https:\/\/pension-absolutberlin.de\/en\/directions","title":{"rendered":"Directions"},"content":{"rendered":"<h1>Directions to Pension Absolut Berlin<\/h1>\n<h2>Do you have a question or need assistance? Please send us a note or call uns!<\/h2>\n<p>&nbsp;<\/p>\n<h3>ADDRESS<\/h3>\n<p>Pension Absolut Berlin<br \/>\nErich-Weinert-Str. 26<br \/>\nD \u2013 10439 Berlin<\/p>\n<h3>PARKING<\/h3>\n<p>The pension is situated in a quiet residential street. Parking next to the road is only possible with resident parking permit or per charge for short time parking from the ticketing machine. We do advice to use the\u00a0<a title=\"Car Parking Sch\u00f6nhauser Allee Arkaden\" href=\"https:\/\/www.apcoa.de\/en\/parking\/berlin\/schoenhauser-allee-arcaden\/\" target=\"_blank\" rel=\"noopener\">parking garage of Sch\u00f6nhauser Allee Arkaden<\/a>. You can find this monitored car park in Greifenhagener Stra\u00dfe, just 150 meters away from the guesthouse, directly at the S-Bahnhof Sch\u00f6nhauser Allee. Opening hours are from 7:00h until 23:00h.<br \/>\nFree parking without permit is possible north of Wisbyer Stra\u00dfe, also only six minutes walk away from the guesthouse.<\/p>\n<h3>LOCATION<\/h3>\n<p>Your\u00a0<a href=\"\/en\/\">Guesthouse\u00a0Pension Absolut Berlin<\/a> is located in the center district\u00a0<a href=\"\/reisefuehrer\/\" target=\"_blank\" rel=\"noopener\">Prenzlauer Berg<\/a>, near the Alexanderplatz. Sch\u00f6nhauser Allee Station, which connects to the S-Bahn circle line, Underground U2 and several Tram lines is only 3 minutes away. Your find the entrance of the guesthouse at the corner of Erich-Weinert-Stra\u00dfe and Greifenhagener Stra\u00dfe.<\/p>\n<p>From the guesthouse you reach very easily and in just a few minutes all the important points of East and West Berlin. With the Underground line U2 you directly arrive at Alexanderplatz, Potsdamer Platz, Wittenberg Platz, Kurf\u00fcrstendamm and Bahnhof Zoo. With the circle line of the Berlin S-Bahn S41, S42 you reach the exhibition halls of <a href=\"https:\/\/www.messe-berlin.de\/en\/organizers\/our-locations\/berlin-expocenter-city\/\" target=\"_blank\" rel=\"noopener\">Berlin ExpoCenter City<\/a>.<\/p>\n<h3>PUBLIC TRANSPORT<\/h3>\n<p><a href=\"https:\/\/www.bvg.de\/en\/\" target=\"_blank\" rel=\"noopener\"><strong>U-BAHN <\/strong><\/a><br \/>\nU2 Sch\u00f6nhauser Allee<\/p>\n<p><a href=\"https:\/\/www.bvg.de\/de\/\" target=\"_blank\" rel=\"noopener\"><strong>S-BAHN<\/strong><\/a><br \/>\nS42, S41 Sch\u00f6nhauser Allee (Circle Line)<br \/>\nS8 und S85 Sch\u00f6nhauser Allee<\/p>\n<p><a href=\"https:\/\/www.bvg.de\/en\/\" target=\"_blank\" rel=\"noopener\"><strong>STRASSENBAHN \/ TRAM<\/strong><\/a><br \/>\nTram M1 Sch\u00f6nhauser Allee<br \/>\nTram M13 Stahlheimer Str.\/Wisbyer Str.<br \/>\nTram 12 Humanplatz<\/p>\n<h3>From BER Airport to Pension Absolut Berlin:<\/h3>\n<p>Please note that you need an ABC ticket from Sch\u00f6nefeld Airport to the city. When you arrive at BER Airport, walk to the Train-Bahn station and take any train in the direction of Alexanderplatz. Change to\u00a0 U2 at Alexanderplatz station in the direction of Sch\u00f6nhauser Allee. Walk north along the street on the right-hand side of the carriageway until you reach the Erich-Weinert-Stra\u00dfe intersection. Turn into Erich-Weinert-Stra\u00dfe and walk to number 26, which is exactly where we are.<\/p>\n<h3>From the Main Station to Pension Absolut Berlin:<\/h3>\n<p>When you arrive at the main station, take the S-Bahn and get off at Alexanderplatz station. From here, take the U2 to Sch\u00f6nhauser Allee. Walk north along the street on the right-hand side of the road until you reach the Erich-Weinert-Stra\u00dfe intersection. Turn into Erich-Weinert-Stra\u00dfe and walk to number 26, which is exactly where we are.<\/p>\n<h3>From Ostbahnhof station to Pension Absolut Berlin:<\/h3>\n<p>When you arrive at Ostbahnhof, you can take any of the S-Bahn lines towards Alexanderplatz. Once there, take the U2 and get off at Sch\u00f6nhauser Allee. The underground station is above Sch\u00f6nhauser Allee. Walk north along the street on the right-hand side of the road until you reach the Erich-Weinert-Stra\u00dfe intersection. Turn into Erich-Weinert-Stra\u00dfe and walk to number 26, which is exactly where we are.<\/p>\n<p><strong>Here is the footpath from the S-Bahn to us:<\/strong><\/p>\n<p><a href=\"https:\/\/bit.ly\/3BOW5NS\" target=\"_blank\" rel=\"noopener\">Open Google Maps directions.<\/a><\/p>\n<p>&nbsp;<\/p>\n<a class=\"btn btn-pab button-shortcode\" href=\"\/en\/booking\">Book now<\/a>\n<p>&nbsp;<\/p>\n<p>&nbsp;<\/p>\n","protected":false},"excerpt":{"rendered":"<p>Directions to Pension Absolut Berlin Do you have a question or need assistance? Please send us a note or call uns! &nbsp; ADDRESS Pension Absolut Berlin Erich-Weinert-Str. 26 D \u2013 10439 Berlin PARKING The pension is situated in a quiet residential street. Parking next to the road is only possible with resident parking permit or [&hellip;]<\/p>\n","protected":false},"author":1,"featured_media":0,"parent":0,"menu_order":0,"comment_status":"closed","ping_status":"closed","template":"","meta":{"footnotes":""},"class_list":["post-2432","page","type-page","status-publish","hentry"],"aioseo_notices":[],"_links":{"self":[{"href":"https:\/\/pension-absolutberlin.de\/en\/wp-json\/wp\/v2\/pages\/2432","targetHints":{"allow":["GET"]}}],"collection":[{"href":"https:\/\/pension-absolutberlin.de\/en\/wp-json\/wp\/v2\/pages"}],"about":[{"href":"https:\/\/pension-absolutberlin.de\/en\/wp-json\/wp\/v2\/types\/page"}],"author":[{"embeddable":true,"href":"https:\/\/pension-absolutberlin.de\/en\/wp-json\/wp\/v2\/users\/1"}],"replies":[{"embeddable":true,"href":"https:\/\/pension-absolutberlin.de\/en\/wp-json\/wp\/v2\/comments?post=2432"}],"version-history":[{"count":8,"href":"https:\/\/pension-absolutberlin.de\/en\/wp-json\/wp\/v2\/pages\/2432\/revisions"}],"predecessor-version":[{"id":3169,"href":"https:\/\/pension-absolutberlin.de\/en\/wp-json\/wp\/v2\/pages\/2432\/revisions\/3169"}],"wp:attachment":[{"href":"https:\/\/pension-absolutberlin.de\/en\/wp-json\/wp\/v2\/media?parent=2432"}],"curies":[{"name":"wp","href":"https:\/\/api.w.org\/{rel}","templated":true}]}}